{"id":167,"date":"2024-12-10T11:12:24","date_gmt":"2024-12-10T10:12:24","guid":{"rendered":"https:\/\/albertovazquez.es\/?page_id=167"},"modified":"2026-01-11T03:30:59","modified_gmt":"2026-01-11T02:30:59","slug":"contacto","status":"publish","type":"page","link":"https:\/\/albertovazquez.es\/en\/contacto\/","title":{"rendered":"Contacto"},"content":{"rendered":"\t\t<div data-elementor-type=\"wp-page\" data-elementor-id=\"167\" class=\"elementor elementor-167\" data-elementor-post-type=\"page\">\n\t\t\t\t\t\t<section class=\"elementor-section elementor-top-section elementor-element elementor-element-7ede6c0 elementor-section-boxed elementor-section-height-default elementor-section-height-default\" data-id=\"7ede6c0\" data-element_type=\"section\" data-e-type=\"section\" data-settings=\"{&quot;background_background&quot;:&quot;gradient&quot;}\">\n\t\t\t\t\t\t\t<div class=\"elementor-background-overlay\"><\/div>\n\t\t\t\t\t\t\t<div class=\"elementor-container elementor-column-gap-default\">\n\t\t\t\t\t<div class=\"elementor-column elementor-col-66 elementor-top-column elementor-element elementor-element-78a3c4b2\" data-id=\"78a3c4b2\" data-element_type=\"column\" data-e-type=\"column\">\n\t\t\t<div class=\"elementor-widget-wrap elementor-element-populated\">\n\t\t\t\t\t\t<div class=\"elementor-element elementor-element-25e757f elementor-widget__width-initial elementor-invisible elementor-widget elementor-widget-heading\" data-id=\"25e757f\" data-element_type=\"widget\" data-e-type=\"widget\" data-settings=\"{&quot;_animation&quot;:&quot;fadeIn&quot;,&quot;_animation_delay&quot;:&quot;100&quot;}\" data-widget_type=\"heading.default\">\n\t\t\t\t<div class=\"elementor-widget-container\">\n\t\t\t\t\t<h1 class=\"elementor-heading-title elementor-size-default\">\u00bfListo para resolver tu caso?<\/h1>\t\t\t\t<\/div>\n\t\t\t\t<\/div>\n\t\t\t\t<div class=\"elementor-element elementor-element-890968d elementor-widget__width-initial elementor-invisible elementor-widget elementor-widget-text-editor\" data-id=\"890968d\" data-element_type=\"widget\" data-e-type=\"widget\" data-settings=\"{&quot;_animation&quot;:&quot;fadeIn&quot;,&quot;_animation_delay&quot;:&quot;200&quot;}\" data-widget_type=\"text-editor.default\">\n\t\t\t\t<div class=\"elementor-widget-container\">\n\t\t\t\t\t\t\t\t\tCompleta el formulario, ll\u00e1mame o env\u00edame un mensaje y dar\u00e9 respuesta a tu consulta lo antes posible.\n\n\t\t\t\t\t\t\t\t<\/div>\n\t\t\t\t<\/div>\n\t\t\t\t<div class=\"elementor-element elementor-element-251f06a1 elementor-widget__width-inherit jkit-equal-height-disable elementor-invisible elementor-widget elementor-widget-jkit_icon_box\" data-id=\"251f06a1\" data-element_type=\"widget\" data-e-type=\"widget\" data-settings=\"{&quot;_animation&quot;:&quot;fadeIn&quot;,&quot;_animation_delay&quot;:&quot;300&quot;}\" data-widget_type=\"jkit_icon_box.default\">\n\t\t\t\t<div class=\"elementor-widget-container\">\n\t\t\t\t\t<div  class=\"jeg-elementor-kit jkit-icon-box icon-position-left elementor-animation- jeg_module___69f5f979eca8f\" ><a href=\"#\" class=\"icon-box-link\" aria-label=\"Learn More\"><div class=\"jkit-icon-box-wrapper hover-from-left\"><div class=\"icon-box icon-box-header elementor-animation-\"><div class=\"icon style-color\"><svg viewBox=\"0 0 384 512\" xmlns=\"http:\/\/www.w3.org\/2000\/svg\"><path d=\"M172.268 501.67C26.97 291.031 0 269.413 0 192 0 85.961 85.961 0 192 0s192 85.961 192 192c0 77.413-26.97 99.031-172.268 309.67-9.535 13.774-29.93 13.773-39.464 0zM192 272c44.183 0 80-35.817 80-80s-35.817-80-80-80-80 35.817-80 80 35.817 80 80 80z\"><\/path><\/svg><\/div><\/div><div class=\"icon-box icon-box-body\">\n                <p class=\"title\">Direcci\u00f3n<\/p><p class=\"icon-box-description\">Gran V\u00eda 54, bajo izquierda, 37001 Salamanca<\/p>\n            <\/div>\n            \n            <\/div><\/a><\/div>\t\t\t\t<\/div>\n\t\t\t\t<\/div>\n\t\t\t\t<div class=\"elementor-element elementor-element-7082044 elementor-widget__width-inherit jkit-equal-height-disable elementor-invisible elementor-widget elementor-widget-jkit_icon_box\" data-id=\"7082044\" data-element_type=\"widget\" data-e-type=\"widget\" data-settings=\"{&quot;_animation&quot;:&quot;fadeIn&quot;,&quot;_animation_delay&quot;:&quot;400&quot;}\" data-widget_type=\"jkit_icon_box.default\">\n\t\t\t\t<div class=\"elementor-widget-container\">\n\t\t\t\t\t<div  class=\"jeg-elementor-kit jkit-icon-box icon-position-left elementor-animation- jeg_module__1_69f5f979ed3e0\" ><a href=\"#\" class=\"icon-box-link\" aria-label=\"Learn More\"><div class=\"jkit-icon-box-wrapper hover-from-left\"><div class=\"icon-box icon-box-header elementor-animation-\"><div class=\"icon style-color\"><svg viewBox=\"0 0 512 512\" xmlns=\"http:\/\/www.w3.org\/2000\/svg\"><path d=\"M502.3 190.8c3.9-3.1 9.7-.2 9.7 4.7V400c0 26.5-21.5 48-48 48H48c-26.5 0-48-21.5-48-48V195.6c0-5 5.7-7.8 9.7-4.7 22.4 17.4 52.1 39.5 154.1 113.6 21.1 15.4 56.7 47.8 92.2 47.6 35.7.3 72-32.8 92.3-47.6 102-74.1 131.6-96.3 154-113.7zM256 320c23.2.4 56.6-29.2 73.4-41.4 132.7-96.3 142.8-104.7 173.4-128.7 5.8-4.5 9.2-11.5 9.2-18.9v-19c0-26.5-21.5-48-48-48H48C21.5 64 0 85.5 0 112v19c0 7.4 3.4 14.3 9.2 18.9 30.6 23.9 40.7 32.4 173.4 128.7 16.8 12.2 50.2 41.8 73.4 41.4z\"><\/path><\/svg><\/div><\/div><div class=\"icon-box icon-box-body\">\n                <p class=\"title\">Email<\/p><p class=\"icon-box-description\">albertovazquez@icasal.com<\/p>\n            <\/div>\n            \n            <\/div><\/a><\/div>\t\t\t\t<\/div>\n\t\t\t\t<\/div>\n\t\t\t\t<div class=\"elementor-element elementor-element-970cd27 elementor-widget__width-inherit jkit-equal-height-disable elementor-invisible elementor-widget elementor-widget-jkit_icon_box\" data-id=\"970cd27\" data-element_type=\"widget\" data-e-type=\"widget\" data-settings=\"{&quot;_animation&quot;:&quot;fadeIn&quot;,&quot;_animation_delay&quot;:&quot;500&quot;}\" data-widget_type=\"jkit_icon_box.default\">\n\t\t\t\t<div class=\"elementor-widget-container\">\n\t\t\t\t\t<div  class=\"jeg-elementor-kit jkit-icon-box icon-position-left elementor-animation- jeg_module__2_69f5f979eda90\" ><a href=\"#\" class=\"icon-box-link\" aria-label=\"Learn More\"><div class=\"jkit-icon-box-wrapper hover-from-left\"><div class=\"icon-box icon-box-header elementor-animation-\"><div class=\"icon style-color\"><svg viewBox=\"0 0 512 512\" xmlns=\"http:\/\/www.w3.org\/2000\/svg\"><path d=\"M497.39 361.8l-112-48a24 24 0 0 0-28 6.9l-49.6 60.6A370.66 370.66 0 0 1 130.6 204.11l60.6-49.6a23.94 23.94 0 0 0 6.9-28l-48-112A24.16 24.16 0 0 0 122.6.61l-104 24A24 24 0 0 0 0 48c0 256.5 207.9 464 464 464a24 24 0 0 0 23.4-18.6l24-104a24.29 24.29 0 0 0-14.01-27.6z\"><\/path><\/svg><\/div><\/div><div class=\"icon-box icon-box-body\">\n                <p class=\"title\">Tel\u00e9fono<\/p><p class=\"icon-box-description\">+34 638 56 94 86<\/p>\n            <\/div>\n            \n            <\/div><\/a><\/div>\t\t\t\t<\/div>\n\t\t\t\t<\/div>\n\t\t\t\t\t<\/div>\n\t\t<\/div>\n\t\t\t\t<div class=\"elementor-column elementor-col-33 elementor-top-column elementor-element elementor-element-90e2e93\" data-id=\"90e2e93\" data-element_type=\"column\" data-e-type=\"column\" data-settings=\"{&quot;background_background&quot;:&quot;classic&quot;}\">\n\t\t\t<div class=\"elementor-widget-wrap elementor-element-populated\">\n\t\t\t\t\t\t<div class=\"elementor-element elementor-element-2877449 elementor-button-align-stretch elementor-widget elementor-widget-form\" data-id=\"2877449\" data-element_type=\"widget\" data-e-type=\"widget\" data-settings=\"{&quot;step_next_label&quot;:&quot;Next&quot;,&quot;step_previous_label&quot;:&quot;Previous&quot;,&quot;button_width&quot;:&quot;100&quot;,&quot;step_type&quot;:&quot;number_text&quot;,&quot;step_icon_shape&quot;:&quot;circle&quot;}\" data-widget_type=\"form.default\">\n\t\t\t\t<div class=\"elementor-widget-container\">\n\t\t\t\t\t\t\t<form class=\"elementor-form\" method=\"post\" name=\"New Form\">\n\t\t\t<input type=\"hidden\" name=\"post_id\" value=\"167\"\/>\n\t\t\t<input type=\"hidden\" name=\"form_id\" value=\"2877449\"\/>\n\t\t\t<input type=\"hidden\" name=\"referer_title\" value=\"Contacto - Alberto Vazquez\" \/>\n\n\t\t\t\t\t\t\t<input type=\"hidden\" name=\"queried_id\" value=\"167\"\/>\n\t\t\t\n\t\t\t<div class=\"elementor-form-fields-wrapper elementor-labels-above\">\n\t\t\t\t\t\t\t\t<div class=\"elementor-field-type-text elementor-field-group elementor-column elementor-field-group-name elementor-col-100\">\n\t\t\t\t\t\t\t\t\t\t\t\t<label for=\"form-field-name\" class=\"elementor-field-label\">\n\t\t\t\t\t\t\t\tNombre\t\t\t\t\t\t\t<\/label>\n\t\t\t\t\t\t\t\t\t\t\t\t\t\t<input size=\"1\" type=\"text\" name=\"form_fields[name]\" id=\"form-field-name\" class=\"elementor-field elementor-size-sm  elementor-field-textual\" placeholder=\"Nombre\">\n\t\t\t\t\t\t\t\t\t\t\t<\/div>\n\t\t\t\t\t\t\t\t<div class=\"elementor-field-type-email elementor-field-group elementor-column elementor-field-group-email elementor-col-100 elementor-field-required\">\n\t\t\t\t\t\t\t\t\t\t\t\t<label for=\"form-field-email\" class=\"elementor-field-label\">\n\t\t\t\t\t\t\t\tEmail\t\t\t\t\t\t\t<\/label>\n\t\t\t\t\t\t\t\t\t\t\t\t\t\t<input size=\"1\" type=\"email\" name=\"form_fields[email]\" id=\"form-field-email\" class=\"elementor-field elementor-size-sm  elementor-field-textual\" placeholder=\"Email\" required=\"required\">\n\t\t\t\t\t\t\t\t\t\t\t<\/div>\n\t\t\t\t\t\t\t\t<div class=\"elementor-field-type-email elementor-field-group elementor-column elementor-field-group-field_13886b2 elementor-col-100 elementor-field-required\">\n\t\t\t\t\t\t\t\t\t\t\t\t<label for=\"form-field-field_13886b2\" class=\"elementor-field-label\">\n\t\t\t\t\t\t\t\tTel\u00e9fono\t\t\t\t\t\t\t<\/label>\n\t\t\t\t\t\t\t\t\t\t\t\t\t\t<input size=\"1\" type=\"email\" name=\"form_fields[field_13886b2]\" id=\"form-field-field_13886b2\" class=\"elementor-field elementor-size-sm  elementor-field-textual\" placeholder=\"Tel\u00e9fono\" required=\"required\">\n\t\t\t\t\t\t\t\t\t\t\t<\/div>\n\t\t\t\t\t\t\t\t<div class=\"elementor-field-type-textarea elementor-field-group elementor-column elementor-field-group-message elementor-col-100\">\n\t\t\t\t\t\t\t\t\t\t\t\t<label for=\"form-field-message\" class=\"elementor-field-label\">\n\t\t\t\t\t\t\t\tComo puedo Ayudarte?\t\t\t\t\t\t\t<\/label>\n\t\t\t\t\t\t<textarea class=\"elementor-field-textual elementor-field  elementor-size-sm\" name=\"form_fields[message]\" id=\"form-field-message\" rows=\"4\" placeholder=\"Describe brevemente tu situaci\u00f3n\"><\/textarea>\t\t\t\t<\/div>\n\t\t\t\t\t\t\t\t<div class=\"elementor-field-type-recaptcha_v3 elementor-field-group elementor-column elementor-field-group-field_55e2c4d elementor-col-100 recaptcha_v3-inline\">\n\t\t\t\t\t<div class=\"elementor-field\" id=\"form-field-field_55e2c4d\"><div class=\"elementor-g-recaptcha\" data-sitekey=\"6LedeKYqAAAAAHXHe3Yn0Bike84xIsKOYBIhYLcc\" data-type=\"v3\" data-action=\"Form\" data-badge=\"inline\" data-size=\"invisible\"><\/div><\/div>\t\t\t\t<\/div>\n\t\t\t\t\t\t\t\t<div class=\"elementor-field-group elementor-column elementor-field-type-submit elementor-col-100 e-form__buttons\">\n\t\t\t\t\t<button class=\"elementor-button elementor-size-sm\" type=\"submit\">\n\t\t\t\t\t\t<span class=\"elementor-button-content-wrapper\">\n\t\t\t\t\t\t\t\t\t\t\t\t\t\t\t\t\t\t\t\t\t\t<span class=\"elementor-button-text\">Enviar<\/span>\n\t\t\t\t\t\t\t\t\t\t\t\t\t<\/span>\n\t\t\t\t\t<\/button>\n\t\t\t\t<\/div>\n\t\t\t<\/div>\n\t\t<\/form>\n\t\t\t\t\t\t<\/div>\n\t\t\t\t<\/div>\n\t\t\t\t<div class=\"elementor-element elementor-element-8cfedf2 elementor-widget elementor-widget-text-editor\" data-id=\"8cfedf2\" data-element_type=\"widget\" data-e-type=\"widget\" data-widget_type=\"text-editor.default\">\n\t\t\t\t<div class=\"elementor-widget-container\">\n\t\t\t\t\t\t\t\t\tResponsable: Alberto Vazquez; Finalidad: Gestionar tu solicitud lo antes posible. La Legitimaci\u00f3n: Es gracias a tu consentimiento. Destinatarios: tus datos se encuentran alojados en nuestros servidores dentro de Europa. Podr\u00e1s ejercer Tus Derechos de Acceso, Rectificaci\u00f3n, Limitaci\u00f3n o Suprimir tus datos en nuestro correo electr\u00f3nico de contacto. Para m\u00e1s informaci\u00f3n, consulte nuestra pol\u00edtica de privacidad.\t\t\t\t\t\t\t\t<\/div>\n\t\t\t\t<\/div>\n\t\t\t\t\t<\/div>\n\t\t<\/div>\n\t\t\t\t\t<\/div>\n\t\t<\/section>\n\t\t\t\t<section class=\"elementor-section elementor-top-section elementor-element elementor-element-182d893b elementor-section-boxed elementor-section-height-default elementor-section-height-default\" data-id=\"182d893b\" data-element_type=\"section\" data-e-type=\"section\">\n\t\t\t\t\t\t<div class=\"elementor-container elementor-column-gap-default\">\n\t\t\t\t\t<div class=\"elementor-column elementor-col-100 elementor-top-column elementor-element elementor-element-4cd8e4a6\" data-id=\"4cd8e4a6\" data-element_type=\"column\" data-e-type=\"column\">\n\t\t\t<div class=\"elementor-widget-wrap elementor-element-populated\">\n\t\t\t\t\t\t<div class=\"elementor-element elementor-element-325d8f1a elementor-widget__width-initial elementor-invisible elementor-widget elementor-widget-heading\" data-id=\"325d8f1a\" data-element_type=\"widget\" data-e-type=\"widget\" data-settings=\"{&quot;_animation&quot;:&quot;fadeIn&quot;,&quot;_animation_delay&quot;:&quot;100&quot;}\" data-widget_type=\"heading.default\">\n\t\t\t\t<div class=\"elementor-widget-container\">\n\t\t\t\t\t<h2 class=\"elementor-heading-title elementor-size-default\">Preguntas Frecuentes<\/h2>\t\t\t\t<\/div>\n\t\t\t\t<\/div>\n\t\t\t\t<div class=\"elementor-element elementor-element-53b1b6cc elementor-invisible elementor-widget elementor-widget-jkit_accordion\" data-id=\"53b1b6cc\" data-element_type=\"widget\" data-e-type=\"widget\" data-settings=\"{&quot;_animation&quot;:&quot;fadeIn&quot;,&quot;_animation_delay&quot;:&quot;400&quot;}\" data-widget_type=\"jkit_accordion.default\">\n\t\t\t\t<div class=\"elementor-widget-container\">\n\t\t\t\t\t<div  class=\"jeg-elementor-kit jkit-accordion style-default jeg_module__3_69f5f979ef9fd\" ><div class=\"card-wrapper expand\">\n                <div class=\"card-header\">\n                    <a href=\"#expand-40c0c74\" class=\"card-header-button\" aria-expanded=\"false\" data-target=\"#expand-40c0c74\" aria-controls=\"expand-40c0c74\">\n                        <span class=\"title\">\u00bfQu\u00e9 servicios legales ofrece Alberto V\u00e1zquez?<\/span><div class=\"right-icon-group\">\n                <div class=\"normal-icon\"><i aria-hidden=\"true\" class=\"jki jki-plus-solid\"><\/i><\/div>\n                <div class=\"active-icon\"><i aria-hidden=\"true\" class=\"jki jki-times-solid\"><\/i><\/div>\n            <\/div>\n                    <\/a>\n                <\/div>\n                <div class=\"card-expand\" id=\"expand-40c0c74\" style=\"display:block\"><div class=\"card-body\">Ofrezco una amplia gama de servicios legales, incluyendo asesor\u00eda legal, representaci\u00f3n en juicios, redacci\u00f3n de documentos jur\u00eddicos, mediaci\u00f3n, negociaci\u00f3n y asistencia penal. Tambi\u00e9n cuento con experiencia en derecho civil (familia y responsabilidad civil), derecho penal y colaboraci\u00f3n con otros despachos.\n\n<\/div><\/div>\n            <\/div><div class=\"card-wrapper \">\n                <div class=\"card-header\">\n                    <a href=\"#expand-7a36f6a\" class=\"card-header-button\" aria-expanded=\"false\" data-target=\"#expand-7a36f6a\" aria-controls=\"expand-7a36f6a\">\n                        <span class=\"title\">\u00bfC\u00f3mo puedo concertar una cita con Alberto V\u00e1zquez?<\/span><div class=\"right-icon-group\">\n                <div class=\"normal-icon\"><i aria-hidden=\"true\" class=\"jki jki-plus-solid\"><\/i><\/div>\n                <div class=\"active-icon\"><i aria-hidden=\"true\" class=\"jki jki-times-solid\"><\/i><\/div>\n            <\/div>\n                    <\/a>\n                <\/div>\n                <div class=\"card-expand\" id=\"expand-7a36f6a\" style=\"display:none\"><div class=\"card-body\">Puedes concertar una cita a trav\u00e9s del formulario de contacto en la web, llam\u00e1ndome directamente o envi\u00e1ndome un correo electr\u00f3nico. Me adapto a tus necesidades, por lo que podemos reunirnos en mi despacho, en tu empresa, o incluso online si lo prefieres.<\/div><\/div>\n            <\/div><div class=\"card-wrapper \">\n                <div class=\"card-header\">\n                    <a href=\"#expand-91f07d5\" class=\"card-header-button\" aria-expanded=\"false\" data-target=\"#expand-91f07d5\" aria-controls=\"expand-91f07d5\">\n                        <span class=\"title\">\u00bfQu\u00e9 \u00e1reas del derecho cubre el despacho de Alberto V\u00e1zquez?<\/span><div class=\"right-icon-group\">\n                <div class=\"normal-icon\"><i aria-hidden=\"true\" class=\"jki jki-plus-solid\"><\/i><\/div>\n                <div class=\"active-icon\"><i aria-hidden=\"true\" class=\"jki jki-times-solid\"><\/i><\/div>\n            <\/div>\n                    <\/a>\n                <\/div>\n                <div class=\"card-expand\" id=\"expand-91f07d5\" style=\"display:none\"><div class=\"card-body\"><p>Mi experiencia abarca principalmente:<\/p><ul><li><strong>Derecho Civil:<\/strong> Derecho de familia y responsabilidad civil y del seguro.<\/li><li><strong>Derecho Penal:<\/strong> Asistencia penal y representaci\u00f3n en Sala.<\/li><\/ul><p>Gracias a mi formaci\u00f3n y experiencia, ofrezco un enfoque integral para resolver cualquier conflicto legal.<\/p><\/div><\/div>\n            <\/div><div class=\"card-wrapper \">\n                <div class=\"card-header\">\n                    <a href=\"#expand-acb3348\" class=\"card-header-button\" aria-expanded=\"false\" data-target=\"#expand-acb3348\" aria-controls=\"expand-acb3348\">\n                        <span class=\"title\">\u00bfQu\u00e9 diferencia al despacho de Alberto V\u00e1zquez de otros abogados?<\/span><div class=\"right-icon-group\">\n                <div class=\"normal-icon\"><i aria-hidden=\"true\" class=\"jki jki-plus-solid\"><\/i><\/div>\n                <div class=\"active-icon\"><i aria-hidden=\"true\" class=\"jki jki-times-solid\"><\/i><\/div>\n            <\/div>\n                    <\/a>\n                <\/div>\n                <div class=\"card-expand\" id=\"expand-acb3348\" style=\"display:none\"><div class=\"card-body\">Mi prioridad es brindarte un servicio personalizado y de calidad. Act\u00fao con integridad, respeto y honestidad, garantizando una comunicaci\u00f3n constante y fluida. Adem\u00e1s, cuento con m\u00e1s de 20 a\u00f1os de experiencia, destac\u00e1ndome por mi capacidad de negociaci\u00f3n y resoluci\u00f3n eficaz de conflictos.\n\n<\/div><\/div>\n            <\/div><div class=\"card-wrapper \">\n                <div class=\"card-header\">\n                    <a href=\"#expand-60b9e88\" class=\"card-header-button\" aria-expanded=\"false\" data-target=\"#expand-60b9e88\" aria-controls=\"expand-60b9e88\">\n                        <span class=\"title\">\u00bfQu\u00e9 incluye el servicio de mediaci\u00f3n y negociaci\u00f3n?<\/span><div class=\"right-icon-group\">\n                <div class=\"normal-icon\"><i aria-hidden=\"true\" class=\"jki jki-plus-solid\"><\/i><\/div>\n                <div class=\"active-icon\"><i aria-hidden=\"true\" class=\"jki jki-times-solid\"><\/i><\/div>\n            <\/div>\n                    <\/a>\n                <\/div>\n                <div class=\"card-expand\" id=\"expand-60b9e88\" style=\"display:none\"><div class=\"card-body\">El servicio de mediaci\u00f3n y negociaci\u00f3n est\u00e1 dise\u00f1ado para ayudarte a resolver conflictos sin necesidad de llegar a juicio. Desarrollo estrategias efectivas para alcanzar acuerdos justos y r\u00e1pidos, optimizando tiempos y costos.\n\n<\/div><\/div>\n            <\/div><div class=\"card-wrapper \">\n                <div class=\"card-header\">\n                    <a href=\"#expand-49b9573\" class=\"card-header-button\" aria-expanded=\"false\" data-target=\"#expand-49b9573\" aria-controls=\"expand-49b9573\">\n                        <span class=\"title\">\u00bfC\u00f3mo garantizan la confidencialidad de mi caso?<\/span><div class=\"right-icon-group\">\n                <div class=\"normal-icon\"><i aria-hidden=\"true\" class=\"jki jki-plus-solid\"><\/i><\/div>\n                <div class=\"active-icon\"><i aria-hidden=\"true\" class=\"jki jki-times-solid\"><\/i><\/div>\n            <\/div>\n                    <\/a>\n                <\/div>\n                <div class=\"card-expand\" id=\"expand-49b9573\" style=\"display:none\"><div class=\"card-body\">La confidencialidad es un principio fundamental en mi despacho. Toda la informaci\u00f3n que compartas ser\u00e1 tratada de manera estrictamente privada y solo ser\u00e1 utilizada para avanzar en tu caso.\n\n<\/div><\/div>\n            <\/div><div class=\"card-wrapper \">\n                <div class=\"card-header\">\n                    <a href=\"#expand-8127d58\" class=\"card-header-button\" aria-expanded=\"false\" data-target=\"#expand-8127d58\" aria-controls=\"expand-8127d58\">\n                        <span class=\"title\">\u00bfCu\u00e1nto cuestan los servicios legales?<\/span><div class=\"right-icon-group\">\n                <div class=\"normal-icon\"><i aria-hidden=\"true\" class=\"jki jki-plus-solid\"><\/i><\/div>\n                <div class=\"active-icon\"><i aria-hidden=\"true\" class=\"jki jki-times-solid\"><\/i><\/div>\n            <\/div>\n                    <\/a>\n                <\/div>\n                <div class=\"card-expand\" id=\"expand-8127d58\" style=\"display:none\"><div class=\"card-body\">El costo de los servicios depende de la naturaleza y complejidad del caso. En la primera reuni\u00f3n evaluaremos tu situaci\u00f3n y te proporcionar\u00e9 un presupuesto claro y sin compromisos.\n\n<\/div><\/div>\n            <\/div><\/div>\t\t\t\t<\/div>\n\t\t\t\t<\/div>\n\t\t\t\t\t<\/div>\n\t\t<\/div>\n\t\t\t\t\t<\/div>\n\t\t<\/section>\n\t\t\t\t<section class=\"elementor-section elementor-top-section elementor-element elementor-element-785cb59f elementor-section-full_width elementor-section-height-default elementor-section-height-default\" data-id=\"785cb59f\" data-element_type=\"section\" data-e-type=\"section\">\n\t\t\t\t\t\t<div class=\"elementor-container elementor-column-gap-no\">\n\t\t\t\t\t<div class=\"elementor-column elementor-col-100 elementor-top-column elementor-element elementor-element-2c242f48\" data-id=\"2c242f48\" data-element_type=\"column\" data-e-type=\"column\">\n\t\t\t<div class=\"elementor-widget-wrap elementor-element-populated\">\n\t\t\t\t\t\t<div class=\"elementor-element elementor-element-4a6c9418 elementor-widget elementor-widget-google_maps\" data-id=\"4a6c9418\" data-element_type=\"widget\" data-e-type=\"widget\" data-widget_type=\"google_maps.default\">\n\t\t\t\t<div class=\"elementor-widget-container\">\n\t\t\t\t\t\t\t<div class=\"elementor-custom-embed\">\n\t\t\t<iframe loading=\"lazy\"\n\t\t\t\t\tsrc=\"https:\/\/maps.google.com\/maps?q=Salamanca%2C%20Espa%C3%B1a&#038;t=m&#038;z=15&#038;output=embed&#038;iwloc=near\"\n\t\t\t\t\ttitle=\"Salamanca, Espa\u00f1a\"\n\t\t\t\t\taria-label=\"Salamanca, Espa\u00f1a\"\n\t\t\t><\/iframe>\n\t\t<\/div>\n\t\t\t\t\t\t<\/div>\n\t\t\t\t<\/div>\n\t\t\t\t\t<\/div>\n\t\t<\/div>\n\t\t\t\t\t<\/div>\n\t\t<\/section>\n\t\t\t\t<\/div>\n\t\t","protected":false},"excerpt":{"rendered":"<p>\u00bfListo para resolver tu caso? Completa el formulario, ll\u00e1mame o env\u00edame un mensaje y dar\u00e9 respuesta a tu consulta lo antes posible. Direcci\u00f3n Gran V\u00eda 54, bajo izquierda, 37001 Salamanca Email albertovazquez@icasal.com Tel\u00e9fono +34 638 56 94 86 Responsable: Alberto Vazquez; Finalidad: Gestionar tu solicitud lo antes posible. La Legitimaci\u00f3n: Es gracias a tu consentimiento. [&hellip;]<\/p>\n","protected":false},"author":1,"featured_media":0,"parent":0,"menu_order":0,"comment_status":"closed","ping_status":"closed","template":"elementor_header_footer","meta":{"footnotes":""},"class_list":["post-167","page","type-page","status-publish","hentry"],"_links":{"self":[{"href":"https:\/\/albertovazquez.es\/en\/wp-json\/wp\/v2\/pages\/167","targetHints":{"allow":["GET"]}}],"collection":[{"href":"https:\/\/albertovazquez.es\/en\/wp-json\/wp\/v2\/pages"}],"about":[{"href":"https:\/\/albertovazquez.es\/en\/wp-json\/wp\/v2\/types\/page"}],"author":[{"embeddable":true,"href":"https:\/\/albertovazquez.es\/en\/wp-json\/wp\/v2\/users\/1"}],"replies":[{"embeddable":true,"href":"https:\/\/albertovazquez.es\/en\/wp-json\/wp\/v2\/comments?post=167"}],"version-history":[{"count":34,"href":"https:\/\/albertovazquez.es\/en\/wp-json\/wp\/v2\/pages\/167\/revisions"}],"predecessor-version":[{"id":379,"href":"https:\/\/albertovazquez.es\/en\/wp-json\/wp\/v2\/pages\/167\/revisions\/379"}],"wp:attachment":[{"href":"https:\/\/albertovazquez.es\/en\/wp-json\/wp\/v2\/media?parent=167"}],"curies":[{"name":"wp","href":"https:\/\/api.w.org\/{rel}","templated":true}]}}