{"id":308,"date":"2025-05-22T23:19:56","date_gmt":"2025-05-22T21:19:56","guid":{"rendered":"https:\/\/albertovazquez.es\/?page_id=308"},"modified":"2025-06-19T16:14:05","modified_gmt":"2025-06-19T14:14:05","slug":"servicios","status":"publish","type":"page","link":"https:\/\/albertovazquez.es\/en\/servicios\/","title":{"rendered":"Servicios"},"content":{"rendered":"<div data-elementor-type=\"wp-page\" data-elementor-id=\"308\" class=\"elementor elementor-308\" data-elementor-post-type=\"page\">\n\t\t\t\t\t\t<section class=\"elementor-section elementor-top-section elementor-element elementor-element-7d498152 elementor-section-boxed elementor-section-height-default elementor-section-height-default\" data-id=\"7d498152\" data-element_type=\"section\" data-e-type=\"section\" data-settings=\"{&quot;background_background&quot;:&quot;gradient&quot;}\">\n\t\t\t\t\t\t\t<div class=\"elementor-background-overlay\"><\/div>\n\t\t\t\t\t\t\t<div class=\"elementor-container elementor-column-gap-default\">\n\t\t\t\t\t<div class=\"elementor-column elementor-col-33 elementor-top-column elementor-element elementor-element-578f320e elementor-hidden-tablet elementor-hidden-mobile\" data-id=\"578f320e\" data-element_type=\"column\" data-e-type=\"column\">\n\t\t\t<div class=\"elementor-widget-wrap elementor-element-populated\">\n\t\t\t\t\t\t<div class=\"elementor-element elementor-element-474a2782 elementor-widget elementor-widget-image\" data-id=\"474a2782\" data-element_type=\"widget\" data-e-type=\"widget\" data-widget_type=\"image.default\">\n\t\t\t\t<div class=\"elementor-widget-container\">\n\t\t\t\t\t\t\t\t\t\t\t\t\t\t\t<img fetchpriority=\"high\" decoding=\"async\" width=\"1707\" height=\"2560\" src=\"https:\/\/albertovazquez.es\/wp-content\/uploads\/2024\/12\/IMG_2017-scaled.jpeg\" class=\"attachment-full size-full wp-image-133\" alt=\"Fotograf\u00eda:\" srcset=\"https:\/\/albertovazquez.es\/wp-content\/uploads\/2024\/12\/IMG_2017-scaled.jpeg 1707w, https:\/\/albertovazquez.es\/wp-content\/uploads\/2024\/12\/IMG_2017-200x300.jpeg 200w, https:\/\/albertovazquez.es\/wp-content\/uploads\/2024\/12\/IMG_2017-683x1024.jpeg 683w, https:\/\/albertovazquez.es\/wp-content\/uploads\/2024\/12\/IMG_2017-768x1152.jpeg 768w, https:\/\/albertovazquez.es\/wp-content\/uploads\/2024\/12\/IMG_2017-1024x1536.jpeg 1024w, https:\/\/albertovazquez.es\/wp-content\/uploads\/2024\/12\/IMG_2017-1366x2048.jpeg 1366w\" sizes=\"(max-width: 1707px) 100vw, 1707px\" title=\"Fotograf\u00eda:\">\t\t\t\t\t\t\t\t\t\t\t\t\t\t\t<\/div>\n\t\t\t\t<\/div>\n\t\t\t\t\t<\/div>\n\t\t<\/div>\n\t\t\t\t<div class=\"elementor-column elementor-col-66 elementor-top-column elementor-element elementor-element-3d34ad81\" data-id=\"3d34ad81\" data-element_type=\"column\" data-e-type=\"column\">\n\t\t\t<div class=\"elementor-widget-wrap elementor-element-populated\">\n\t\t\t\t\t\t<div class=\"elementor-element elementor-element-81be8b elementor-widget__width-initial elementor-invisible elementor-widget elementor-widget-heading\" data-id=\"81be8b\" data-element_type=\"widget\" data-e-type=\"widget\" data-settings=\"{&quot;_animation&quot;:&quot;fadeIn&quot;,&quot;_animation_delay&quot;:&quot;200&quot;}\" data-widget_type=\"heading.default\">\n\t\t\t\t<div class=\"elementor-widget-container\">\n\t\t\t\t\t<h1 class=\"elementor-heading-title elementor-size-default\">Servicios legales personalizados para proteger lo que m\u00e1s importa<\/h1>\t\t\t\t<\/div>\n\t\t\t\t<\/div>\n\t\t\t\t<div class=\"elementor-element elementor-element-46005d1a elementor-widget__width-initial elementor-invisible elementor-widget elementor-widget-text-editor\" data-id=\"46005d1a\" data-element_type=\"widget\" data-e-type=\"widget\" data-settings=\"{&quot;_animation&quot;:&quot;fadeIn&quot;,&quot;_animation_delay&quot;:&quot;400&quot;}\" data-widget_type=\"text-editor.default\">\n\t\t\t\t<div class=\"elementor-widget-container\">\n\t\t\t\t\t\t\t\t\t<blockquote data-start=\"563\" data-end=\"645\"><p data-start=\"565\" data-end=\"645\"><em data-start=\"565\" data-end=\"645\">Asesoramiento integral y defensa jur\u00eddica adaptada a cada caso y cada persona.<\/em><\/p><\/blockquote>\t\t\t\t\t\t\t\t<\/div>\n\t\t\t\t<\/div>\n\t\t\t\t\t<\/div>\n\t\t<\/div>\n\t\t\t\t\t<\/div>\n\t\t<\/section>\n\t\t\t\t<section class=\"elementor-section elementor-top-section elementor-element elementor-element-60418172 elementor-section-boxed elementor-section-height-default elementor-section-height-default\" data-id=\"60418172\" data-element_type=\"section\" data-e-type=\"section\">\n\t\t\t\t\t\t<div class=\"elementor-container elementor-column-gap-default\">\n\t\t\t\t\t<div class=\"elementor-column elementor-col-50 elementor-top-column elementor-element elementor-element-7d19616e\" data-id=\"7d19616e\" data-element_type=\"column\" data-e-type=\"column\">\n\t\t\t<div class=\"elementor-widget-wrap elementor-element-populated\">\n\t\t\t\t\t\t<div class=\"elementor-element elementor-element-48fba271 elementor-widget__width-initial elementor-invisible elementor-widget elementor-widget-heading\" data-id=\"48fba271\" data-element_type=\"widget\" data-e-type=\"widget\" data-settings=\"{&quot;_animation&quot;:&quot;fadeIn&quot;}\" data-widget_type=\"heading.default\">\n\t\t\t\t<div class=\"elementor-widget-container\">\n\t\t\t\t\t<h2 class=\"elementor-heading-title elementor-size-default\">DERECHO DE FAMILIA<\/h2>\t\t\t\t<\/div>\n\t\t\t\t<\/div>\n\t\t\t\t<div class=\"elementor-element elementor-element-1e58ebcb elementor-widget__width-initial elementor-invisible elementor-widget elementor-widget-text-editor\" data-id=\"1e58ebcb\" data-element_type=\"widget\" data-e-type=\"widget\" data-settings=\"{&quot;_animation&quot;:&quot;fadeIn&quot;,&quot;_animation_delay&quot;:&quot;400&quot;}\" data-widget_type=\"text-editor.default\">\n\t\t\t\t<div class=\"elementor-widget-container\">\n\t\t\t\t\t\t\t\t\t<p data-start=\"322\" data-end=\"594\">Abordamos cada situaci\u00f3n desde la perspectiva humana que merece. Entendemos que detr\u00e1s de cada caso hay personas atravesando crisis emocionales y familiares. Por ello, defendemos tus derechos sin perder de vista las consecuencias jur\u00eddicas que afectan a ti y a tu familia.<\/p><p data-start=\"596\" data-end=\"779\">Te ofrecemos una informaci\u00f3n <strong data-start=\"625\" data-end=\"661\">personalizada, clara y detallada<\/strong>, para que puedas tomar decisiones informadas y en beneficio de tus seres queridos.<br data-start=\"744\" data-end=\"747\" \/><strong data-start=\"747\" data-end=\"779\">Lo primero son las personas.<\/strong><\/p>\t\t\t\t\t\t\t\t<\/div>\n\t\t\t\t<\/div>\n\t\t\t\t\t<\/div>\n\t\t<\/div>\n\t\t\t\t<div class=\"elementor-column elementor-col-50 elementor-top-column elementor-element elementor-element-0364b18\" data-id=\"0364b18\" data-element_type=\"column\" data-e-type=\"column\">\n\t\t\t<div class=\"elementor-widget-wrap elementor-element-populated\">\n\t\t\t\t\t\t<div class=\"elementor-element elementor-element-bccdf44 elementor-widget__width-initial elementor-invisible elementor-widget elementor-widget-heading\" data-id=\"bccdf44\" data-element_type=\"widget\" data-e-type=\"widget\" data-settings=\"{&quot;_animation&quot;:&quot;fadeIn&quot;}\" data-widget_type=\"heading.default\">\n\t\t\t\t<div class=\"elementor-widget-container\">\n\t\t\t\t\t<h2 class=\"elementor-heading-title elementor-size-default\">DERECHO PENAL<\/h2>\t\t\t\t<\/div>\n\t\t\t\t<\/div>\n\t\t\t\t<div class=\"elementor-element elementor-element-93fe0b8 elementor-widget__width-initial elementor-invisible elementor-widget elementor-widget-text-editor\" data-id=\"93fe0b8\" data-element_type=\"widget\" data-e-type=\"widget\" data-settings=\"{&quot;_animation&quot;:&quot;fadeIn&quot;,&quot;_animation_delay&quot;:&quot;400&quot;}\" data-widget_type=\"text-editor.default\">\n\t\t\t\t<div class=\"elementor-widget-container\">\n\t\t\t\t\t\t\t\t\t<p data-start=\"809\" data-end=\"1051\">Estar implicado en un proceso penal, ya sea como acusado o como v\u00edctima, puede generar consecuencias no deseadas e imprevisibles. Por eso, analizamos todas las circunstancias del caso para ofrecerte la mejor estrategia de defensa o acusaci\u00f3n.<\/p><p data-start=\"1053\" data-end=\"1279\">Tanto si se trata de <strong data-start=\"1074\" data-end=\"1100\">proteger a un inocente<\/strong>, como de <strong data-start=\"1110\" data-end=\"1152\">lograr la condena justa de un culpable<\/strong>, nos comprometemos a fondo. Nuestra prioridad es que <strong data-start=\"1206\" data-end=\"1239\">ning\u00fan inocente sea condenado<\/strong> y que <strong data-start=\"1246\" data-end=\"1278\">ning\u00fan culpable quede impune<\/strong>.<\/p>\t\t\t\t\t\t\t\t<\/div>\n\t\t\t\t<\/div>\n\t\t\t\t\t<\/div>\n\t\t<\/div>\n\t\t\t\t\t<\/div>\n\t\t<\/section>\n\t\t\t\t<section class=\"elementor-section elementor-top-section elementor-element elementor-element-ddefe3c elementor-section-boxed elementor-section-height-default elementor-section-height-default\" data-id=\"ddefe3c\" data-element_type=\"section\" data-e-type=\"section\">\n\t\t\t\t\t\t<div class=\"elementor-container elementor-column-gap-default\">\n\t\t\t\t\t<div class=\"elementor-column elementor-col-50 elementor-top-column elementor-element elementor-element-a6792bc\" data-id=\"a6792bc\" data-element_type=\"column\" data-e-type=\"column\">\n\t\t\t<div class=\"elementor-widget-wrap elementor-element-populated\">\n\t\t\t\t\t\t<div class=\"elementor-element elementor-element-0b71aae elementor-widget__width-initial elementor-invisible elementor-widget elementor-widget-heading\" data-id=\"0b71aae\" data-element_type=\"widget\" data-e-type=\"widget\" data-settings=\"{&quot;_animation&quot;:&quot;fadeIn&quot;}\" data-widget_type=\"heading.default\">\n\t\t\t\t<div class=\"elementor-widget-container\">\n\t\t\t\t\t<h2 class=\"elementor-heading-title elementor-size-default\">DERECHO DEL SEGURO Y RESPONSABILIDAD CIVIL\n<\/h2>\t\t\t\t<\/div>\n\t\t\t\t<\/div>\n\t\t\t\t<div class=\"elementor-element elementor-element-0874e34 elementor-widget__width-initial elementor-invisible elementor-widget elementor-widget-text-editor\" data-id=\"0874e34\" data-element_type=\"widget\" data-e-type=\"widget\" data-settings=\"{&quot;_animation&quot;:&quot;fadeIn&quot;,&quot;_animation_delay&quot;:&quot;400&quot;}\" data-widget_type=\"text-editor.default\">\n\t\t\t\t<div class=\"elementor-widget-container\">\n\t\t\t\t\t\t\t\t\t<p data-start=\"1337\" data-end=\"1494\">Contratar un seguro deber\u00eda significar tranquilidad, pero no siempre es as\u00ed. Cuando has sufrido un accidente y la aseguradora no responde, estamos a tu lado.<\/p><p data-start=\"1496\" data-end=\"1717\">Reclamamos una <strong data-start=\"1511\" data-end=\"1545\">indemnizaci\u00f3n justa y adecuada<\/strong>, defendiendo tus intereses frente a las compa\u00f1\u00edas de seguros. Te facilitamos todos los servicios necesarios para que la aseguradora <strong data-start=\"1678\" data-end=\"1716\">cumpla con las coberturas firmadas<\/strong>.<\/p>\t\t\t\t\t\t\t\t<\/div>\n\t\t\t\t<\/div>\n\t\t\t\t\t<\/div>\n\t\t<\/div>\n\t\t\t\t<div class=\"elementor-column elementor-col-50 elementor-top-column elementor-element elementor-element-a762b54\" data-id=\"a762b54\" data-element_type=\"column\" data-e-type=\"column\">\n\t\t\t<div class=\"elementor-widget-wrap elementor-element-populated\">\n\t\t\t\t\t\t<div class=\"elementor-element elementor-element-f70db6b elementor-widget__width-initial elementor-invisible elementor-widget elementor-widget-heading\" data-id=\"f70db6b\" data-element_type=\"widget\" data-e-type=\"widget\" data-settings=\"{&quot;_animation&quot;:&quot;fadeIn&quot;}\" data-widget_type=\"heading.default\">\n\t\t\t\t<div class=\"elementor-widget-container\">\n\t\t\t\t\t<h2 class=\"elementor-heading-title elementor-size-default\">DERECHO CIVIL<\/h2>\t\t\t\t<\/div>\n\t\t\t\t<\/div>\n\t\t\t\t<div class=\"elementor-element elementor-element-ae372bf elementor-widget__width-initial elementor-invisible elementor-widget elementor-widget-text-editor\" data-id=\"ae372bf\" data-element_type=\"widget\" data-e-type=\"widget\" data-settings=\"{&quot;_animation&quot;:&quot;fadeIn&quot;,&quot;_animation_delay&quot;:&quot;400&quot;}\" data-widget_type=\"text-editor.default\">\n\t\t\t\t<div class=\"elementor-widget-container\">\n\t\t\t\t\t\t\t\t\t<p data-start=\"1746\" data-end=\"1904\">Las relaciones legales del d\u00eda a d\u00eda \u2014con otras personas, empresas o instituciones\u2014 pueden derivar en conflictos que requieren soluciones s\u00f3lidas y realistas.<\/p><p data-start=\"1906\" data-end=\"2105\">Te ayudamos a <strong data-start=\"1920\" data-end=\"1940\">prevenir riesgos<\/strong> y a <strong data-start=\"1945\" data-end=\"1978\">resolver problemas existentes<\/strong>, optimizando al m\u00e1ximo las opciones que te ofrece la legislaci\u00f3n vigente. Nuestro enfoque es <strong data-start=\"2072\" data-end=\"2104\">pr\u00e1ctico, claro y resolutivo<\/strong>.<\/p>\t\t\t\t\t\t\t\t<\/div>\n\t\t\t\t<\/div>\n\t\t\t\t\t<\/div>\n\t\t<\/div>\n\t\t\t\t\t<\/div>\n\t\t<\/section>\n\t\t<div class=\"elementor-element elementor-element-e1af69e e-flex e-con-boxed e-con e-parent\" data-id=\"e1af69e\" data-element_type=\"container\" data-e-type=\"container\" data-settings=\"{&quot;background_background&quot;:&quot;classic&quot;}\">\n\t\t\t\t\t<div class=\"e-con-inner\">\n\t\t\t\t<div class=\"elementor-element elementor-element-cbf92a7 elementor-widget__width-initial elementor-invisible elementor-widget elementor-widget-heading\" data-id=\"cbf92a7\" data-element_type=\"widget\" data-e-type=\"widget\" data-settings=\"{&quot;_animation&quot;:&quot;fadeIn&quot;}\" data-widget_type=\"heading.default\">\n\t\t\t\t<div class=\"elementor-widget-container\">\n\t\t\t\t\t<h2 class=\"elementor-heading-title elementor-size-default\">\u00bfNecesitas asesoramiento legal y no sabes por d\u00f3nde empezar?<\/h2>\t\t\t\t<\/div>\n\t\t\t\t<\/div>\n\t\t\t\t<div class=\"elementor-element elementor-element-a2a1f7c elementor-widget elementor-widget-text-editor\" data-id=\"a2a1f7c\" data-element_type=\"widget\" data-e-type=\"widget\" data-widget_type=\"text-editor.default\">\n\t\t\t\t<div class=\"elementor-widget-container\">\n\t\t\t\t\t\t\t\t\tEstamos aqu\u00ed para ayudarte. Agenda tu primera consulta gratuita y cu\u00e9ntanos tu caso con total confianza. Te orientaremos de forma clara, cercana y sin compromiso.\t\t\t\t\t\t\t\t<\/div>\n\t\t\t\t<\/div>\n\t\t\t\t<div class=\"elementor-element elementor-element-4da8774 elementor-invisible elementor-widget elementor-widget-jkit_button\" data-id=\"4da8774\" data-element_type=\"widget\" data-e-type=\"widget\" data-settings=\"{&quot;_animation&quot;:&quot;fadeIn&quot;,&quot;_animation_delay&quot;:&quot;200&quot;}\" data-widget_type=\"jkit_button.default\">\n\t\t\t\t<div class=\"elementor-widget-container\">\n\t\t\t\t\t<div  class=\"jeg-elementor-kit jkit-button  icon-position-before jeg_module___69f5ed57ddb16\" ><a href=\"https:\/\/albertovazquez.es\/en\/contacto\/\" class=\"jkit-button-wrapper\">Agendar Consulta<\/a><\/div>\t\t\t\t<\/div>\n\t\t\t\t<\/div>\n\t\t\t\t\t<\/div>\n\t\t\t\t<\/div>\n\t\t\t\t<section class=\"elementor-section elementor-top-section elementor-element elementor-element-78f6a56 elementor-section-boxed elementor-section-height-default elementor-section-height-default\" data-id=\"78f6a56\" data-element_type=\"section\" data-e-type=\"section\">\n\t\t\t\t\t\t<div class=\"elementor-container elementor-column-gap-default\">\n\t\t\t\t\t<div class=\"elementor-column elementor-col-50 elementor-top-column elementor-element elementor-element-34d34f7\" data-id=\"34d34f7\" data-element_type=\"column\" data-e-type=\"column\">\n\t\t\t<div class=\"elementor-widget-wrap elementor-element-populated\">\n\t\t\t\t\t\t<div class=\"elementor-element elementor-element-51ef4c3 elementor-widget__width-initial elementor-invisible elementor-widget elementor-widget-heading\" data-id=\"51ef4c3\" data-element_type=\"widget\" data-e-type=\"widget\" data-settings=\"{&quot;_animation&quot;:&quot;fadeIn&quot;}\" data-widget_type=\"heading.default\">\n\t\t\t\t<div class=\"elementor-widget-container\">\n\t\t\t\t\t<h2 class=\"elementor-heading-title elementor-size-default\">NEGOCIACI\u00d3N Y MEDIACI\u00d3N<\/h2>\t\t\t\t<\/div>\n\t\t\t\t<\/div>\n\t\t\t\t<div class=\"elementor-element elementor-element-9af6d5f elementor-widget__width-initial elementor-invisible elementor-widget elementor-widget-text-editor\" data-id=\"9af6d5f\" data-element_type=\"widget\" data-e-type=\"widget\" data-settings=\"{&quot;_animation&quot;:&quot;fadeIn&quot;,&quot;_animation_delay&quot;:&quot;400&quot;}\" data-widget_type=\"text-editor.default\">\n\t\t\t\t<div class=\"elementor-widget-container\">\n\t\t\t\t\t\t\t\t\t<p data-start=\"2144\" data-end=\"2350\">Antes de iniciar un procedimiento judicial, exploramos la v\u00eda del acuerdo. Trabajamos con profesionales en mediaci\u00f3n capaces de ofrecer un enfoque conciliador que facilite el entendimiento entre las partes.<\/p><p data-start=\"2352\" data-end=\"2481\">Cuando es posible, evitamos la judicializaci\u00f3n de los conflictos. Porque a veces, <strong data-start=\"2434\" data-end=\"2480\">m\u00e1s vale un mal acuerdo que un buen pleito<\/strong>.<\/p>\t\t\t\t\t\t\t\t<\/div>\n\t\t\t\t<\/div>\n\t\t\t\t\t<\/div>\n\t\t<\/div>\n\t\t\t\t<div class=\"elementor-column elementor-col-50 elementor-top-column elementor-element elementor-element-6944194\" data-id=\"6944194\" data-element_type=\"column\" data-e-type=\"column\">\n\t\t\t<div class=\"elementor-widget-wrap elementor-element-populated\">\n\t\t\t\t\t\t<div class=\"elementor-element elementor-element-5521e94 elementor-widget__width-initial elementor-invisible elementor-widget elementor-widget-heading\" data-id=\"5521e94\" data-element_type=\"widget\" data-e-type=\"widget\" data-settings=\"{&quot;_animation&quot;:&quot;fadeIn&quot;}\" data-widget_type=\"heading.default\">\n\t\t\t\t<div class=\"elementor-widget-container\">\n\t\t\t\t\t<h2 class=\"elementor-heading-title elementor-size-default\">ACOMPA\u00d1AMIENTO LEGAL<\/h2>\t\t\t\t<\/div>\n\t\t\t\t<\/div>\n\t\t\t\t<div class=\"elementor-element elementor-element-f418a19 elementor-widget__width-initial elementor-invisible elementor-widget elementor-widget-text-editor\" data-id=\"f418a19\" data-element_type=\"widget\" data-e-type=\"widget\" data-settings=\"{&quot;_animation&quot;:&quot;fadeIn&quot;,&quot;_animation_delay&quot;:&quot;400&quot;}\" data-widget_type=\"text-editor.default\">\n\t\t\t\t<div class=\"elementor-widget-container\">\n\t\t\t\t\t\t\t\t\t<p data-start=\"2517\" data-end=\"2676\">La ley puede ser compleja, pero no tienes por qu\u00e9 enfrentarte a ella en soledad. Te ofrecemos orientaci\u00f3n jur\u00eddica y apoyo profesional en cada paso del camino.<\/p><p data-start=\"2678\" data-end=\"2858\">Ya sea en un proceso judicial o en tus tr\u00e1mites con la Administraci\u00f3n de Justicia, <strong data-start=\"2761\" data-end=\"2779\">te acompa\u00f1amos<\/strong>, resolvemos tus dudas y <strong data-start=\"2804\" data-end=\"2857\">defendemos tus derechos con claridad y compromiso<\/strong>.<\/p>\t\t\t\t\t\t\t\t<\/div>\n\t\t\t\t<\/div>\n\t\t\t\t\t<\/div>\n\t\t<\/div>\n\t\t\t\t\t<\/div>\n\t\t<\/section>\n\t\t\t\t<\/div>","protected":false},"excerpt":{"rendered":"<p>Servicios legales personalizados para proteger lo que m\u00e1s importa Asesoramiento integral y defensa jur\u00eddica adaptada a cada caso y cada persona. DERECHO DE FAMILIA Abordamos cada situaci\u00f3n desde la perspectiva humana que merece. Entendemos que detr\u00e1s de cada caso hay personas atravesando crisis emocionales y familiares. Por ello, defendemos tus derechos sin perder de vista [&hellip;]<\/p>\n","protected":false},"author":1,"featured_media":0,"parent":0,"menu_order":0,"comment_status":"closed","ping_status":"closed","template":"elementor_header_footer","meta":{"footnotes":""},"class_list":["post-308","page","type-page","status-publish","hentry"],"_links":{"self":[{"href":"https:\/\/albertovazquez.es\/en\/wp-json\/wp\/v2\/pages\/308","targetHints":{"allow":["GET"]}}],"collection":[{"href":"https:\/\/albertovazquez.es\/en\/wp-json\/wp\/v2\/pages"}],"about":[{"href":"https:\/\/albertovazquez.es\/en\/wp-json\/wp\/v2\/types\/page"}],"author":[{"embeddable":true,"href":"https:\/\/albertovazquez.es\/en\/wp-json\/wp\/v2\/users\/1"}],"replies":[{"embeddable":true,"href":"https:\/\/albertovazquez.es\/en\/wp-json\/wp\/v2\/comments?post=308"}],"version-history":[{"count":10,"href":"https:\/\/albertovazquez.es\/en\/wp-json\/wp\/v2\/pages\/308\/revisions"}],"predecessor-version":[{"id":369,"href":"https:\/\/albertovazquez.es\/en\/wp-json\/wp\/v2\/pages\/308\/revisions\/369"}],"wp:attachment":[{"href":"https:\/\/albertovazquez.es\/en\/wp-json\/wp\/v2\/media?parent=308"}],"curies":[{"name":"wp","href":"https:\/\/api.w.org\/{rel}","templated":true}]}}